{"id":5496,"date":"2018-05-31T05:13:11","date_gmt":"2018-05-31T05:13:11","guid":{"rendered":"https:\/\/casino3.myrwds.net\/?page_id=5496"},"modified":"2025-08-12T14:31:28","modified_gmt":"2025-08-12T14:31:28","slug":"terms-and-conditions","status":"publish","type":"page","link":"https:\/\/casino1.myrwds.net\/tr\/terms-and-conditions\/","title":{"rendered":"Sorumlu Kumar"},"content":{"rendered":"<div class=\"fusion-fullwidth fullwidth-box fusion-builder-row-1 fusion-flex-container has-pattern-background has-mask-background home-right nonhundred-percent-fullwidth non-hundred-percent-height-scrolling\" style=\"--awb-border-radius-top-left:0px;--awb-border-radius-top-right:0px;--awb-border-radius-bottom-right:0px;--awb-border-radius-bottom-left:0px;--awb-margin-top:20px;\" ><div class=\"fusion-builder-row fusion-row fusion-flex-align-items-flex-start\" style=\"max-width:1216.8px;margin-left: calc(-4% \/ 2 );margin-right: calc(-4% \/ 2 );\"><div class=\"fusion-layout-column fusion_builder_column fusion-builder-column-0 fusion_builder_column_1_1 1_1 fusion-flex-column home-right\" style=\"--awb-bg-size:cover;--awb-width-large:100%;--awb-margin-top-large:0px;--awb-spacing-right-large:1.92%;--awb-margin-bottom-large:0px;--awb-spacing-left-large:1.92%;--awb-width-medium:100%;--awb-order-medium:0;--awb-spacing-right-medium:1.92%;--awb-spacing-left-medium:1.92%;--awb-width-small:100%;--awb-order-small:0;--awb-spacing-right-small:1.92%;--awb-spacing-left-small:1.92%;\"><div class=\"fusion-column-wrapper fusion-column-has-shadow fusion-flex-justify-content-flex-start fusion-content-layout-column\"><div class=\"fusion-text fusion-text-1\"><header class=\"entry-header\">\n<div class=\"inner\">\n<h3 class=\"entry-title\">Terms &amp; Conditions<\/h3>\n<\/div>\n<\/header>\n<div class=\"entry-content\">\n<div class=\"inner\">\n<p>\u015eartlar ve Ko\u015fullar (\u201c\u015eartlar\u201d), bu web sitesini (\u201cSite\u201d) kullan\u0131m\u0131n\u0131z\u0131 nas\u0131l d\u00fczenledi\u011fimizi a\u00e7\u0131klar. Siteyi kullan\u0131m\u0131n\u0131zla ilgili uygulamalar\u0131m\u0131z\u0131 anlamak i\u00e7in l\u00fctfen a\u015fa\u011f\u0131daki bilgileri dikkatlice okuyun. \u015eirket, \u015eartlar\u0131 herhangi bir zamanda de\u011fi\u015ftirebilir. \u015eirket, \u015eartlardaki de\u011fi\u015fiklikler hakk\u0131nda sizi mevcut ileti\u015fim yollar\u0131 ile bilgilendirebilir. \u015eirket, \u015eartlar\u0131n g\u00fcncel s\u00fcr\u00fcm\u00fcn\u00fc ve \u00f6nceki s\u00fcr\u00fcmlerini g\u00f6rmek i\u00e7in Siteyi s\u0131k s\u0131k kontrol etmenizi tavsiye eder.<\/p>\n<p>E\u011fer bir t\u00fczel ki\u015fili\u011fi temsil ediyorsan\u0131z, temsil etti\u011finiz t\u00fczel ki\u015fi ad\u0131na bu \u015eartlar\u0131 kabul etme yetkisine sahip oldu\u011funuzu onaylam\u0131\u015f olursunuz.<\/p>\n<h4><strong>1. PRIVACY POLICY<\/strong><\/h4>\n<p>Gizlilik Politikam\u0131z ayr\u0131 bir sayfada mevcuttur. Gizlilik Politikam\u0131z, sizinle ilgili bilgileri nas\u0131l i\u015fledi\u011fimizi a\u00e7\u0131klar. Siteyi kullanman\u0131z yoluyla, bu bilgilerin i\u015flenmesinin Gizlilik Politikas\u0131 uyar\u0131nca yap\u0131laca\u011f\u0131n\u0131 kabul etmi\u015f olursunuz.<\/p>\n<h4><strong>2. YOUR ACCOUNT<\/strong><\/h4>\n<p>Siteyi kullan\u0131rken hesab\u0131n\u0131z\u0131n, \u015fifrenizin ve di\u011fer kimlik bilgilerinizin gizlili\u011fini sa\u011flamak ve cihaz\u0131n\u0131za g\u00fcvenli eri\u015fimden sorumlu olacaks\u0131n\u0131z. Hesab\u0131n\u0131z\u0131 ba\u015fka birine devredemezsiniz. \u015eirket, hesab\u0131n\u0131z\u0131n k\u00f6t\u00fcye kullan\u0131m\u0131 veya \u00e7al\u0131nmas\u0131 sonucu yetkisiz eri\u015fimden sorumlu de\u011fildir. \u015eirket, hizmeti reddedebilir veya iptal edebilir, hesab\u0131n\u0131z\u0131 sonland\u0131rabilir ve i\u00e7eri\u011fi kald\u0131rabilir veya d\u00fczenleyebilir.<\/p>\n<h4><strong>3. H\u0130ZMETLER<\/strong><\/h4>\n<p>Site, Sitede mevcut olan Hizmetleri kullanman\u0131za olanak tan\u0131r. Hizmetleri yasa d\u0131\u015f\u0131 ama\u00e7larla kullanamazs\u0131n\u0131z.<br \/>\n\u015eirket, tamamen kendi takdirine ba\u011fl\u0131 olarak Siteyi kullanman\u0131z i\u00e7in \u00fccret belirleyebilir. Ayn\u0131 \u015fekilde, \u00fccretleri istedi\u011fi zaman de\u011fi\u015ftirebilir.<br \/>\nSertifikal\u0131 \u00f6deme sistemleri kullanabiliriz ve bu sistemlerin kendi komisyonlar\u0131 olabilir. Belirli bir \u00f6deme sistemini se\u00e7ti\u011finizde bu komisyonlar size uygulanabilir. Bu \u00f6deme sistemlerinin komisyonlar\u0131yla ilgili ayr\u0131nt\u0131l\u0131 bilgilere kendi web sitelerinden ula\u015fabilirsiniz.<\/p>\n<h4><strong>4. \u00dc\u00c7\u00dcNC\u00dc TARAF H\u0130ZMETLER\u0130<\/strong><\/h4>\n<p>Site, di\u011fer sitelere, uygulamalara ve platformlara ba\u011flant\u0131lar i\u00e7erebilir (bundan sonra \u201cBa\u011flant\u0131l\u0131 Siteler\u201d).<br \/>\n\u015eirket, Ba\u011flant\u0131l\u0131 Siteleri kontrol etmez ve bu sitelerin i\u00e7eriklerinden veya di\u011fer materyallerinden sorumlu de\u011fildir. \u015eirket, bu ba\u011flant\u0131lar\u0131 Site \u00fczerindeki i\u015flevsellik veya hizmetleri sa\u011flamak amac\u0131yla eri\u015fiminize sunar.<\/p>\n<h4><strong>5. YASAK KULLANIMLAR VE F\u0130KR\u0130 M\u00dcLK\u0130YET<\/strong><\/h4>\n<p>\u015eirket size, \u015eartlara uygun olarak Siteye eri\u015fmeniz ve Siteyi kullanman\u0131z i\u00e7in devredilemez, m\u00fcnhas\u0131r olmayan ve geri al\u0131nabilir bir lisans verir.<br \/>\nSiteyi yasa d\u0131\u015f\u0131 veya yasaklanm\u0131\u015f ama\u00e7larla kullanamazs\u0131n\u0131z. Siteyi devre d\u0131\u015f\u0131 b\u0131rakacak, zarar verecek veya i\u015fleyi\u015fini engelleyecek \u015fekilde kullanamazs\u0131n\u0131z.<br \/>\nSitede bulunan t\u00fcm i\u00e7erikler; metinler, kodlar, grafikler, logolar, g\u00f6rseller, derlemeler ve Sitede kullan\u0131lan yaz\u0131l\u0131mlar (bundan sonra birlikte \u201c\u0130\u00e7erik\u201d) \u015eirketin veya y\u00fcklenicilerinin m\u00fclkiyetindedir ve bu haklar fikri m\u00fclkiyet yasalar\u0131 taraf\u0131ndan korunmaktad\u0131r. \u0130\u00e7erikte yer alan telif hakk\u0131 ve di\u011fer m\u00fclkiyet bildirimlerine uymay\u0131 kabul edersiniz ve \u0130\u00e7eri\u011fi de\u011fi\u015ftirmek yasakt\u0131r.<\/p>\n<p>\u0130\u00e7eri\u011fi yay\u0131mlayamaz, iletemez, de\u011fi\u015ftiremez, tersine m\u00fchendislik yapamaz, devrine kat\u0131lamaz, t\u00fcrev eserler olu\u015fturup satamaz veya \u0130\u00e7eri\u011fi herhangi bir \u015fekilde kullanamazs\u0131n\u0131z. Siteyi kullan\u0131yor olman\u0131z, \u0130\u00e7eri\u011fi yasa d\u0131\u015f\u0131 veya izinsiz kullanma hakk\u0131 vermez; \u00f6zellikle \u0130\u00e7erikteki m\u00fclkiyet haklar\u0131n\u0131 veya bildirimleri de\u011fi\u015ftiremezsiniz. \u0130\u00e7eri\u011fi yaln\u0131zca ki\u015fisel ve ticari olmayan ama\u00e7larla kullanabilirsiniz. \u015eirket size herhangi bir fikri m\u00fclkiyet lisans\u0131 vermez.<\/p>\n<h4><strong>6. \u015e\u0130RKET \u0130\u00c7ER\u0130KLER\u0130<\/strong><\/h4>\n<p>\u0130\u00e7eri\u011finizi g\u00f6ndererek, y\u00fckleyerek, girerek veya sunarak, \u015eirkete \u0130\u00e7eri\u011finizi \u015eirket i\u015flerinin y\u00fcr\u00fct\u00fclmesi kapsam\u0131nda kullanma hakk\u0131 verirsiniz; bu haklar aras\u0131nda \u0130\u00e7eri\u011fin iletilmesi, halka a\u00e7\u0131k \u015fekilde g\u00f6sterilmesi, da\u011f\u0131t\u0131lmas\u0131, kamuya a\u00e7\u0131k olarak icra edilmesi, kopyalanmas\u0131, \u00e7o\u011falt\u0131lmas\u0131 ve \u00e7evrilmesi ve \u0130\u00e7eri\u011finizle ba\u011flant\u0131l\u0131 olarak ad\u0131n\u0131z\u0131n yay\u0131mlanmas\u0131 da bulunur.<br \/>\n\u0130\u00e7eri\u011finizin kullan\u0131m\u0131 nedeniyle size herhangi bir \u00fccret \u00f6denmeyecektir. \u015eirket, g\u00f6nderdi\u011finiz herhangi bir \u0130\u00e7eri\u011fi yay\u0131mlamak veya kullanmak zorunda de\u011fildir ve \u0130\u00e7eri\u011finizi istedi\u011fi zaman kald\u0131rabilir.<\/p>\n<p>\u0130\u00e7eri\u011finizi g\u00f6ndererek, y\u00fckleyerek veya sunarak, \u0130\u00e7eri\u011finiz \u00fczerindeki t\u00fcm haklara sahip oldu\u011funuzu beyan ve garanti etmi\u015f olursunuz.<\/p>\n<h4><strong>7. BAZI SORUMLULUKLARDAN FERAGAT<\/strong><\/h4>\n<p>Site \u00fczerinden sa\u011flanan bilgiler yaz\u0131m hatalar\u0131 veya yanl\u0131\u015fl\u0131klar i\u00e7erebilir. \u015eirket bu yanl\u0131\u015fl\u0131klardan veya hatalardan sorumlu tutulamaz.<br \/>\n\u015eirket, Sitede yer alan \u0130\u00e7eriklerin ve sunulan hizmetlerin eri\u015filebilirli\u011fi, do\u011frulu\u011fu, g\u00fcvenilirli\u011fi, uygunlu\u011fu veya zamanlamas\u0131 hakk\u0131nda herhangi bir beyan veya garanti vermez. Uygulanabilir yasan\u0131n izin verdi\u011fi en geni\u015f kapsamda, t\u00fcm bu \u0130\u00e7erik ve hizmetler \u201coldu\u011fu gibi\u201d sa\u011flan\u0131r. \u015eirket, bu \u0130\u00e7erik ve hizmetlere ili\u015fkin t\u00fcm garantileri ve ko\u015fullar\u0131, ticari elveri\u015flilik ve belirli bir amaca uygunluk garantileri dahil olmak \u00fczere reddeder.<\/p>\n<p>Uygulanabilir yasan\u0131n izin verdi\u011fi en geni\u015f kapsamda, hi\u00e7bir durumda \u015eirket; Siteyi kullanma, Siteye eri\u015fememe veya eri\u015fimde gecikme, Site i\u00e7eri\u011finden kaynaklanan zararlar veya Site kullan\u0131m\u0131ndan do\u011fan di\u011fer nedenlerle olu\u015fan do\u011frudan, dolayl\u0131, ar\u0131zi, sonu\u00e7sal, \u00f6zel veya cezai tazminatlardan (zevk kayb\u0131, veri kayb\u0131 veya k\u00e2r kayb\u0131 gibi) sorumlu tutulamaz.<\/p>\n<p>E\u011fer zararlar\u0131n, ister sonu\u00e7sal ister ar\u0131zi olsun, sorumluluktan muaf tutulmas\u0131 veya s\u0131n\u0131rland\u0131r\u0131lmas\u0131 belirli bir durumda yasaklanm\u0131\u015fsa, bu muafiyet veya s\u0131n\u0131rlama size uygulanmaz.<\/p>\n<h4><strong>8. TAZM\u0130NAT<\/strong><\/h4>\n<p>Siteyi kullanman\u0131zdan veya kullanamaman\u0131zdan, \u015eirketin hizmetleri ve \u00fcr\u00fcnleriyle ilgili olarak ya da \u015eartlar\u0131 ihlal etmenizden, \u00fc\u00e7\u00fcnc\u00fc taraf haklar\u0131n\u0131 ihlal etmenizden veya y\u00fcr\u00fcrl\u00fckteki yasalar\u0131 ihlal etmenizden kaynaklanan t\u00fcm masraflar, kay\u0131plar, giderler (avukat \u00fccretleri dahil) ve y\u00fck\u00fcml\u00fcl\u00fckler konusunda \u015eirketi, y\u00f6neticilerini, y\u00f6neticilerini, \u00e7al\u0131\u015fanlar\u0131n\u0131, temsilcilerini ve \u00fc\u00e7\u00fcnc\u00fc taraflar\u0131 tazmin etmeyi, savunmay\u0131 ve zararlar\u0131ndan beri tutmay\u0131 kabul edersiniz. \u015eirket, m\u00fcnhas\u0131r savunmay\u0131 \u00fcstlenebilir ve mevcut savunmalar\u0131 ileri s\u00fcrerken \u015eirket ile i\u015f birli\u011fi yapman\u0131z gerekecektir.<\/p>\n<h4><strong>9. FES\u0130H VE ER\u0130\u015e\u0130M KISITLAMASI<\/strong><\/h4>\n<p>\u015eirket, \u015eartlar\u0131 ihlal etmeniz halinde, herhangi bir bildirimde bulunmaks\u0131z\u0131n, Siteye ve ilgili hizmetlere eri\u015fiminizi ve hesab\u0131n\u0131z\u0131 her zaman sonland\u0131rma hakk\u0131na sahiptir.<\/p>\n<h4><strong>10. \u00c7E\u015e\u0130TL\u0130 H\u00dcK\u00dcMLER<\/strong><\/h4>\n<p>\u015eartlar\u0131n uygulanacak hukuku, \u015eirketin kurulu bulundu\u011fu \u00fclkenin maddi hukukudur; kanunlar ihtilaf\u0131 kurallar\u0131 hari\u00e7tir. Siteyi, \u015eartlar\u0131n t\u00fcm h\u00fck\u00fcmlerini ge\u00e7erli k\u0131lmayan yarg\u0131 b\u00f6lgelerinde kullanamazs\u0131n\u0131z.<\/p>\n<p>\u015eartlar veya Site kullan\u0131m\u0131 sonucunda sizinle \u015eirket aras\u0131nda herhangi bir ortak giri\u015fim, ortakl\u0131k, istihdam veya acentelik ili\u015fkisi kurulmu\u015f say\u0131lmaz.<\/p>\n<p>\u015eartlarda yer alan hi\u00e7bir h\u00fck\u00fcm, \u015eirketin Siteyi kullan\u0131m\u0131n\u0131zla ilgili olarak h\u00fck\u00fcmet, mahkeme, polis veya kolluk kuvvetlerinin taleplerine veya gerekliliklerine uymas\u0131n\u0131 engellemez.<br \/>\n\u015eartlar\u0131n herhangi bir k\u0131sm\u0131, y\u00fcr\u00fcrl\u00fckteki yasaya g\u00f6re ge\u00e7ersiz veya uygulanamaz bulunursa, ge\u00e7ersiz veya uygulanamaz h\u00fck\u00fcmler, \u015eartlar\u0131n orijinal s\u00fcr\u00fcm\u00fcne benzer ge\u00e7erli ve uygulanabilir h\u00fck\u00fcmlerle ikame edilecek ve \u015eartlar\u0131n di\u011fer k\u0131s\u0131mlar\u0131 hem sizin hem de \u015eirket i\u00e7in ge\u00e7erli olmaya devam edecektir.<\/p>\n<p>\u015eartlar, Site kullan\u0131m\u0131n\u0131za ili\u015fkin sizinle \u015eirket aras\u0131ndaki t\u00fcm anla\u015fmay\u0131 olu\u015fturur ve \u015eartlar, Elektronik, s\u00f6zl\u00fc veya yaz\u0131l\u0131 olsun, \u00f6nceki t\u00fcm ileti\u015fim ve tekliflerin yerine ge\u00e7er.<\/p>\n<p>\u015eirket ve ilgili kurulu\u015flar\u0131, y\u00fck\u00fcml\u00fcl\u00fcklerini yerine getirmede ba\u015far\u0131s\u0131zl\u0131k veya gecikme durumunda; teknik ar\u0131zalar, do\u011fal afetler, blokajlar, ambargolar, isyanlar, d\u00fczenleyici i\u015flemler, h\u00fck\u00fcmet emirleri, ter\u00f6rist eylemler, sava\u015f veya \u015eirketin makul kontrol\u00fc d\u0131\u015f\u0131nda kalan di\u011fer m\u00fccbir sebep hallerinden kaynaklanan gecikme veya ba\u015far\u0131s\u0131zl\u0131klardan sorumlu de\u011fildir.<br \/>\n\u015eirket ile sizin aran\u0131zda Site veya \u015eartlarla ilgili ortaya \u00e7\u0131kan ihtilaf, talep, dava veya di\u011fer uyu\u015fmazl\u0131k hallerinde, taraflar \u00f6nce iyi niyetle m\u00fczakere ederek \u00e7\u00f6zmeyi; m\u00fczakereler ba\u015far\u0131s\u0131z olursa, yaln\u0131zca \u015eirketin kurulu bulundu\u011fu \u00fclkenin mahkemelerinde \u00e7\u00f6zmeyi kabul eder.<\/p>\n<h4><strong>11. \u015e\u0130K\u00c2YETLER<\/strong><\/h4>\n<p>Ki\u015fisel verilerinizin toplanmas\u0131 veya kullan\u0131m\u0131 ile ilgili \u015fikayetleri \u00e7\u00f6zmeye kararl\u0131y\u0131z. Bu \u015eartlar veya ki\u015fisel verilerinizin kullan\u0131m\u0131 ile ilgili uygulamalar\u0131m\u0131z hakk\u0131nda bir \u015fikayette bulunmak isterseniz, l\u00fctfen sitemizdeki ileti\u015fim formu \u00fczerinden bizimle ileti\u015fime ge\u00e7in. \u015eikayetinize en k\u0131sa s\u00fcrede, her durumda ise 30 g\u00fcn i\u00e7inde yan\u0131t verece\u011fiz. Bize iletilen \u015fikayetleri \u00e7\u00f6zmeyi ama\u00e7l\u0131yoruz; ancak \u015fikayetinizin yeterli d\u00fczeyde \u00e7\u00f6z\u00fcmlenmedi\u011fini d\u00fc\u015f\u00fcn\u00fcyorsan\u0131z, yerel veri koruma denetim otoritenize ba\u015fvurma hakk\u0131n\u0131z\u0131 sakl\u0131 tutars\u0131n\u0131z.<\/p>\n<\/div>\n<\/div>\n<\/div><\/div><\/div><\/div><\/div>","protected":false},"excerpt":{"rendered":"","protected":false},"author":1,"featured_media":0,"parent":0,"menu_order":0,"comment_status":"closed","ping_status":"closed","template":"","meta":{"_acf_changed":false,"footnotes":""},"class_list":["post-5496","page","type-page","status-publish","hentry"],"acf":[],"_links":{"self":[{"href":"https:\/\/casino1.myrwds.net\/tr\/wp-json\/wp\/v2\/pages\/5496","targetHints":{"allow":["GET"]}}],"collection":[{"href":"https:\/\/casino1.myrwds.net\/tr\/wp-json\/wp\/v2\/pages"}],"about":[{"href":"https:\/\/casino1.myrwds.net\/tr\/wp-json\/wp\/v2\/types\/page"}],"author":[{"embeddable":true,"href":"https:\/\/casino1.myrwds.net\/tr\/wp-json\/wp\/v2\/users\/1"}],"replies":[{"embeddable":true,"href":"https:\/\/casino1.myrwds.net\/tr\/wp-json\/wp\/v2\/comments?post=5496"}],"version-history":[{"count":3,"href":"https:\/\/casino1.myrwds.net\/tr\/wp-json\/wp\/v2\/pages\/5496\/revisions"}],"predecessor-version":[{"id":22161,"href":"https:\/\/casino1.myrwds.net\/tr\/wp-json\/wp\/v2\/pages\/5496\/revisions\/22161"}],"wp:attachment":[{"href":"https:\/\/casino1.myrwds.net\/tr\/wp-json\/wp\/v2\/media?parent=5496"}],"curies":[{"name":"wp","href":"https:\/\/api.w.org\/{rel}","templated":true}]}}