{"id":22508,"date":"2025-08-13T07:11:55","date_gmt":"2025-08-13T07:11:55","guid":{"rendered":"https:\/\/casino3.myrwds.net\/?page_id=22508"},"modified":"2025-08-13T07:16:59","modified_gmt":"2025-08-13T07:16:59","slug":"cookie-policy","status":"publish","type":"page","link":"https:\/\/casino1.myrwds.net\/tr\/cookie-policy\/","title":{"rendered":"\u00c7erez Politikas\u0131"},"content":{"rendered":"<div class=\"fusion-fullwidth fullwidth-box fusion-builder-row-1 fusion-flex-container has-pattern-background has-mask-background home-right nonhundred-percent-fullwidth non-hundred-percent-height-scrolling\" style=\"--awb-border-radius-top-left:0px;--awb-border-radius-top-right:0px;--awb-border-radius-bottom-right:0px;--awb-border-radius-bottom-left:0px;--awb-margin-top:80px;\" ><div class=\"fusion-builder-row fusion-row fusion-flex-align-items-flex-start\" style=\"max-width:1216.8px;margin-left: calc(-4% \/ 2 );margin-right: calc(-4% \/ 2 );\"><div class=\"fusion-layout-column fusion_builder_column fusion-builder-column-0 fusion_builder_column_1_1 1_1 fusion-flex-column\" style=\"--awb-bg-size:cover;--awb-width-large:100%;--awb-spacing-right-large:1.92%;--awb-spacing-left-large:1.92%;--awb-width-medium:100%;--awb-order-medium:0;--awb-spacing-right-medium:1.92%;--awb-spacing-left-medium:1.92%;--awb-width-small:100%;--awb-order-small:0;--awb-spacing-right-small:1.92%;--awb-spacing-left-small:1.92%;\"><div class=\"fusion-column-wrapper fusion-column-has-shadow fusion-flex-justify-content-flex-start fusion-content-layout-column\"><div class=\"fusion-text fusion-text-1 fusion-text-no-margin\" style=\"--awb-margin-top:10px;--awb-margin-right:10px;--awb-margin-bottom:10px;--awb-margin-left:10px;\"><div class=\"post-content\">\n<header class=\"entry-header\">\n<div class=\"inner\">\n<header class=\"entry-header\">\n<div class=\"inner\">\n<div class=\"post-content\">\n<header class=\"entry-header\">\n<div class=\"inner\">\n<header class=\"entry-header\">\n<div class=\"inner\">\n<div class=\"Page_container__bPqbe\">\n<div class=\"Page_title__NXa38\">\n<h3>COOKIE POLICY<\/h3>\n<\/div>\n<\/div>\n<div>\n<div class=\"Page_textContainer__wnyNk\">\n<p>Son g\u00fcncelleme: Kas\u0131m 2024<\/p>\n<h4><strong>1. Giri\u015f<\/strong><\/h4>\n<p>Bu \u00c7erez Politikas\u0131, GustaCasino\u2019nun (\u201c<strong>biz,<\/strong>&#8221; &#8220;<strong>\u201cbize,\u201d<\/strong>,&#8221; &#8220;<strong>\u201cbizim\u201c<\/strong>\u201c) web sitemizi ziyaret etti\u011finizde sizi tan\u0131mak i\u00e7in \u00e7erezleri ve benzeri teknolojileri nas\u0131l kulland\u0131\u011f\u0131n\u0131 a\u00e7\u0131klar. Ayr\u0131ca bu teknolojilerin ne oldu\u011funu, neden kulland\u0131\u011f\u0131m\u0131z\u0131 ve bunlar\u0131 kontrol etme haklar\u0131n\u0131z\u0131 a\u00e7\u0131klar.<\/p>\n<h4><strong>2. \u00c7erezler Nedir?<\/strong><\/h4>\n<p>\u00c7erezler, bir web sitesini ziyaret etti\u011finizde cihaz\u0131n\u0131za (bilgisayar, ak\u0131ll\u0131 telefon veya di\u011fer elektronik cihazlar) yerle\u015ftirilen k\u00fc\u00e7\u00fck metin dosyalar\u0131d\u0131r. Web sitelerinin \u00e7al\u0131\u015fmas\u0131n\u0131 sa\u011flamak veya daha verimli \u00e7al\u0131\u015fmas\u0131n\u0131 sa\u011flamak i\u00e7in yayg\u0131n olarak kullan\u0131l\u0131rlar ve ayr\u0131ca web sitesi sahiplerine bilgi sa\u011flamak i\u00e7in de kullan\u0131l\u0131rlar.<\/p>\n<h4><strong>3. Kulland\u0131\u011f\u0131m\u0131z \u00c7erez T\u00fcrleri<\/strong><\/h4>\n<ul>\n<li><strong>Zorunlu \u00c7erezler:<\/strong>\u00a0Bunlar, web sitesinin d\u00fczg\u00fcn \u00e7al\u0131\u015fmas\u0131 i\u00e7in gereklidir. Sitemizde gezinmenizi ve g\u00fcvenli alanlara eri\u015fim gibi \u00f6zellikleri kullanman\u0131z\u0131 sa\u011flar.<\/li>\n<li><strong>Performans ve Analiz \u00c7erezleri:<\/strong>\u00a0Bu \u00e7erezler, ziyaret\u00e7ilerin web sitemizi nas\u0131l kulland\u0131\u011f\u0131na dair bilgiler toplar, \u00f6rne\u011fin en \u00e7ok ziyaret edilen sayfalar gibi. Bu, sitemizin nas\u0131l kullan\u0131ld\u0131\u011f\u0131n\u0131 anlamam\u0131za ve geli\u015ftirmemize yard\u0131mc\u0131 olur.<\/li>\n<li><strong>\u0130\u015flevsellik \u00c7erezleri:<\/strong>\u00a0Bu \u00e7erezler, web sitemizin yapt\u0131\u011f\u0131n\u0131z tercihleri (\u00f6rne\u011fin kullan\u0131c\u0131 ad\u0131n\u0131z, diliniz veya bulundu\u011funuz b\u00f6lge) hat\u0131rlamas\u0131n\u0131 sa\u011flar ve geli\u015fmi\u015f \u00f6zellikler sunar.<\/li>\n<li><strong>Hedefleme veya Reklam \u00c7erezleri:<\/strong>\u00a0Bu \u00e7erezler, size ve ilgi alanlar\u0131n\u0131za daha uygun reklamlar sunmak i\u00e7in kullan\u0131l\u0131r. Ayr\u0131ca, bir reklam\u0131 g\u00f6rme s\u0131kl\u0131\u011f\u0131n\u0131z\u0131 s\u0131n\u0131rlar ve reklam kampanyalar\u0131n\u0131n etkinli\u011fini \u00f6l\u00e7meye yard\u0131mc\u0131 olur.<\/li>\n<\/ul>\n<h4><strong>4. Neden \u00c7erez Kullan\u0131yoruz<\/strong><\/h4>\n<p>\u00c7erezleri \u00e7e\u015fitli ama\u00e7larla kullan\u0131yoruz, bunlar \u015funlar\u0131 i\u00e7erir:<\/p>\n<ul>\n<li>Web sitemizin do\u011fru ve verimli \u00e7al\u0131\u015fmas\u0131n\u0131 sa\u011flamak.<\/li>\n<li>Tercihlerinizi ve ayarlar\u0131n\u0131z\u0131 hat\u0131rlayarak kullan\u0131c\u0131 deneyimini geli\u015ftirmek.<\/li>\n<li>Trafi\u011fi ve kullan\u0131c\u0131 davran\u0131\u015flar\u0131n\u0131 analiz ederek hizmetlerimizi geli\u015ftirmek.<\/li>\n<li>Ki\u015fiselle\u015ftirilmi\u015f i\u00e7erik ve hedeflenmi\u015f reklamlar sunmak.<\/li>\n<\/ul>\n<h4><strong>5. \u00dc\u00e7\u00fcnc\u00fc Taraf \u00c7erezleri<\/strong><\/h4>\n<p>Sitemizde kullan\u0131lan baz\u0131 \u00e7erezler, bizim ad\u0131m\u0131za hizmet sunan \u00fc\u00e7\u00fcnc\u00fc taraflarca yerle\u015ftirilmektedir. \u00d6rne\u011fin, analiz sa\u011flay\u0131c\u0131lar\u0131 ve reklamc\u0131lar \u00e7evrim i\u00e7i aktiviteleriniz hakk\u0131nda bilgi toplamak i\u00e7in \u00e7erez kullanabilir. Bu \u00fc\u00e7\u00fcnc\u00fc taraf \u00e7erezleri \u00fczerinde kontrol\u00fcm\u00fcz yoktur ve kullan\u0131mlar\u0131 kendi gizlilik politikalar\u0131na tabidir.<\/p>\n<h4><strong>6. \u00c7erezleri Y\u00f6netme<\/strong><\/h4>\n<p>\u00c7erezleri kabul etme veya reddetme hakk\u0131na sahipsiniz. Taray\u0131c\u0131n\u0131z\u0131, \u00e7erezleri reddedecek veya \u00e7erez g\u00f6nderildi\u011finde sizi uyaracak \u015fekilde ayarlayabilirsiniz. Ancak, \u00e7erezleri devre d\u0131\u015f\u0131 b\u0131rakman\u0131z durumunda web sitemizin baz\u0131 \u00f6zellikleri d\u00fczg\u00fcn \u00e7al\u0131\u015fmayabilir veya hi\u00e7 \u00e7al\u0131\u015fmayabilir.<\/p>\n<h4><strong>7. Bu \u00c7erez Politikas\u0131ndaki De\u011fi\u015fiklikler<\/strong><\/h4>\n<p>Uygulamalar\u0131m\u0131zda veya ilgili yasalarda meydana gelen de\u011fi\u015fiklikleri yans\u0131tmak i\u00e7in bu \u00c7erez Politikas\u0131n\u0131 zaman zaman g\u00fcncelleyebiliriz. \u00c7erezleri nas\u0131l kulland\u0131\u011f\u0131m\u0131z hakk\u0131nda bilgi sahibi olmak i\u00e7in bu politikay\u0131 d\u00fczenli olarak g\u00f6zden ge\u00e7irmenizi \u00f6neririz.<\/p>\n<h4><strong>8. Bize Ula\u015f\u0131n<\/strong><\/h4>\n<p class=\"translation-block\">\u00c7erezleri kullan\u0131m\u0131m\u0131z veya bu politika hakk\u0131nda herhangi bir sorunuz varsa, l\u00fctfen bizimle \u015fu adresten ileti\u015fime ge\u00e7in:\n<a href=\"mailto:support@casino.com\" target=\"_self\">support@casino.com\n<\/a>.<\/p>\n<p>Web sitemizi kullanarak, bu \u00c7erez Politikas\u0131nda a\u00e7\u0131kland\u0131\u011f\u0131 \u015fekilde \u00e7erezleri kullanmam\u0131za onay vermi\u015f olursunuz.<\/p>\n<\/div>\n<\/div>\n<\/div>\n<\/header>\n<\/div>\n<\/header>\n<\/div>\n<\/div>\n<\/header>\n<\/div>\n<\/header>\n<\/div>\n<\/div><\/div><\/div><\/div><\/div>","protected":false},"excerpt":{"rendered":"","protected":false},"author":4,"featured_media":0,"parent":0,"menu_order":0,"comment_status":"closed","ping_status":"closed","template":"","meta":{"_acf_changed":false,"footnotes":""},"class_list":["post-22508","page","type-page","status-publish","hentry"],"acf":[],"_links":{"self":[{"href":"https:\/\/casino1.myrwds.net\/tr\/wp-json\/wp\/v2\/pages\/22508","targetHints":{"allow":["GET"]}}],"collection":[{"href":"https:\/\/casino1.myrwds.net\/tr\/wp-json\/wp\/v2\/pages"}],"about":[{"href":"https:\/\/casino1.myrwds.net\/tr\/wp-json\/wp\/v2\/types\/page"}],"author":[{"embeddable":true,"href":"https:\/\/casino1.myrwds.net\/tr\/wp-json\/wp\/v2\/users\/4"}],"replies":[{"embeddable":true,"href":"https:\/\/casino1.myrwds.net\/tr\/wp-json\/wp\/v2\/comments?post=22508"}],"version-history":[{"count":6,"href":"https:\/\/casino1.myrwds.net\/tr\/wp-json\/wp\/v2\/pages\/22508\/revisions"}],"predecessor-version":[{"id":22521,"href":"https:\/\/casino1.myrwds.net\/tr\/wp-json\/wp\/v2\/pages\/22508\/revisions\/22521"}],"wp:attachment":[{"href":"https:\/\/casino1.myrwds.net\/tr\/wp-json\/wp\/v2\/media?parent=22508"}],"curies":[{"name":"wp","href":"https:\/\/api.w.org\/{rel}","templated":true}]}}