{"id":22162,"date":"2025-08-12T15:10:27","date_gmt":"2025-08-12T15:10:27","guid":{"rendered":"https:\/\/casino3.myrwds.net\/?page_id=22162"},"modified":"2025-08-12T15:12:32","modified_gmt":"2025-08-12T15:12:32","slug":"faqs","status":"publish","type":"page","link":"https:\/\/casino1.myrwds.net\/tr\/faqs\/","title":{"rendered":"FAQs"},"content":{"rendered":"<div class=\"fusion-fullwidth fullwidth-box fusion-builder-row-1 fusion-flex-container has-pattern-background has-mask-background home-right no-promo hundred-percent-fullwidth non-hundred-percent-height-scrolling\" style=\"--awb-border-radius-top-left:0px;--awb-border-radius-top-right:0px;--awb-border-radius-bottom-right:0px;--awb-border-radius-bottom-left:0px;--awb-margin-top:65px;--awb-margin-top-small:0px;\" ><div class=\"fusion-builder-row fusion-row fusion-flex-align-items-flex-start\" style=\"width:104% !important;max-width:104% !important;margin-left: calc(-4% \/ 2 );margin-right: calc(-4% \/ 2 );\"><div class=\"fusion-layout-column fusion_builder_column fusion-builder-column-0 fusion_builder_column_1_1 1_1 fusion-flex-column home-right\" style=\"--awb-padding-top:40px;--awb-padding-right:48px;--awb-padding-bottom:40px;--awb-padding-left:48px;--awb-overflow:hidden;--awb-bg-color:#374256;--awb-bg-size:cover;--awb-border-radius:24px 24px 24px 24px;--awb-width-large:100%;--awb-margin-top-large:40px;--awb-spacing-right-large:1.92%;--awb-margin-bottom-large:40px;--awb-spacing-left-large:1.92%;--awb-width-medium:100%;--awb-order-medium:0;--awb-spacing-right-medium:1.92%;--awb-spacing-left-medium:1.92%;--awb-width-small:100%;--awb-order-small:0;--awb-spacing-right-small:1.92%;--awb-spacing-left-small:1.92%;\"><div class=\"fusion-column-wrapper fusion-column-has-shadow fusion-flex-justify-content-flex-start fusion-content-layout-column\"><div class=\"accordian fusion-accordian\" style=\"--awb-padding-top:10px;--awb-padding-right:10px;--awb-padding-bottom:10px;--awb-padding-left:10px;--awb-border-size:1px;--awb-icon-size:13px;--awb-content-font-size:15px;--awb-icon-alignment:left;--awb-hover-color:hsla(var(--awb-color8-h),var(--awb-color8-s),calc( var(--awb-color8-l) + 98% ),var(--awb-color8-a));--awb-border-color:hsla(var(--awb-color8-h),var(--awb-color8-s),calc( var(--awb-color8-l) + 80% ),var(--awb-color8-a));--awb-background-color:var(--awb-color1);--awb-divider-color:var(--awb-color6);--awb-divider-hover-color:var(--awb-color6);--awb-icon-color:var(--awb-color1);--awb-title-color:var(--awb-color1);--awb-content-color:var(--awb-color1);--awb-icon-box-color:#000000;--awb-toggle-hover-accent-color:var(--awb-color4);--awb-title-font-family:&quot;Montserrat&quot;;--awb-title-font-weight:700;--awb-title-font-style:normal;--awb-content-font-family:&quot;Open Sans&quot;;--awb-content-font-style:normal;--awb-content-font-weight:400;\"><div class=\"panel-group fusion-toggle-icon-boxed\" id=\"accordion-22162-1\"><div class=\"fusion-panel panel-default faq-accordion panel-44e2e22e5d6edec83 fusion-toggle-no-divider\" style=\"--awb-title-color:var(--awb-color1);\"><div class=\"panel-heading\"><h4 class=\"panel-title toggle\" id=\"toggle_44e2e22e5d6edec83\"><a aria-expanded=\"false\" aria-controls=\"44e2e22e5d6edec83\" role=\"button\" data-toggle=\"collapse\" data-target=\"#44e2e22e5d6edec83\" href=\"#44e2e22e5d6edec83\"><span class=\"fusion-toggle-icon-wrapper\" aria-hidden=\"true\"><i class=\"fa-fusion-box active-icon awb-icon-minus\" aria-hidden=\"true\"><\/i><i class=\"fa-fusion-box inactive-icon awb-icon-plus\" aria-hidden=\"true\"><\/i><\/span><span class=\"fusion-toggle-heading\">Hvordan registrere seg?<\/span><\/a><\/h4><\/div><div id=\"44e2e22e5d6edec83\" class=\"panel-collapse collapse\" araia-labelledby=\"toggle_44e2e22e5d6edec83\"><div class=\"panel-body toggle-content fusion-clearfix\">\n<p>Registrer deg i 3 raske og enkle trinn:<\/p>\n<p>Klikk p\u00e5 Registrer deg-knappen, som du finner \u00f8verst til h\u00f8yre p\u00e5 hovedsiden.<\/p>\n<p>Velg din foretrukne e-postadresse og passord. Passordet ditt m\u00e5 ha minst 8 tegn (1 liten bokstav og 1 tall). S\u00f8rg for at all informasjon er korrekt, og godta v\u00e5re Vilk\u00e5r og betingelser.<\/p>\n<p>Klikk Registrer deg!<\/p>\n<\/div><\/div><\/div><div class=\"fusion-panel panel-default faq-accordion panel-61bd07c1c194d66da fusion-toggle-no-divider\" style=\"--awb-title-color:var(--awb-color1);\"><div class=\"panel-heading\"><h4 class=\"panel-title toggle\" id=\"toggle_61bd07c1c194d66da\"><a aria-expanded=\"false\" aria-controls=\"61bd07c1c194d66da\" role=\"button\" data-toggle=\"collapse\" data-target=\"#61bd07c1c194d66da\" href=\"#61bd07c1c194d66da\"><span class=\"fusion-toggle-icon-wrapper\" aria-hidden=\"true\"><i class=\"fa-fusion-box active-icon awb-icon-minus\" aria-hidden=\"true\"><\/i><i class=\"fa-fusion-box inactive-icon awb-icon-plus\" aria-hidden=\"true\"><\/i><\/span><span class=\"fusion-toggle-heading\">Jeg har glemt passordet mitt?<\/span><\/a><\/h4><\/div><div id=\"61bd07c1c194d66da\" class=\"panel-collapse collapse\" araia-labelledby=\"toggle_61bd07c1c194d66da\"><div class=\"panel-body toggle-content fusion-clearfix\">\n<p>a. Hvis du ikke er logget inn:<\/p>\n<p>Klikk p\u00e5 Logg inn-knappen under Glemt passordet ditt, som ligger \u00f8verst til h\u00f8yre p\u00e5 hovedsiden. En e-post vil bli sendt til innboksen din eller til spam-mappen for \u00e5 tilbakestille passordet ditt.<\/p>\n<p>b. Hvis du er logget inn:<\/p>\n<p>Klikk p\u00e5 Personlig info og saldo under Endre passord, som du finner \u00f8verst til venstre p\u00e5 den gr\u00f8nne personen. En e-post vil bli sendt til innboksen din eller til spam-mappen for \u00e5 tilbakestille passordet ditt.<\/p>\n<\/div><\/div><\/div><div class=\"fusion-panel panel-default faq-accordion panel-f139a489bc10fb111 fusion-toggle-no-divider\" style=\"--awb-title-color:var(--awb-color1);\"><div class=\"panel-heading\"><h4 class=\"panel-title toggle\" id=\"toggle_f139a489bc10fb111\"><a aria-expanded=\"false\" aria-controls=\"f139a489bc10fb111\" role=\"button\" data-toggle=\"collapse\" data-target=\"#f139a489bc10fb111\" href=\"#f139a489bc10fb111\"><span class=\"fusion-toggle-icon-wrapper\" aria-hidden=\"true\"><i class=\"fa-fusion-box active-icon awb-icon-minus\" aria-hidden=\"true\"><\/i><i class=\"fa-fusion-box inactive-icon awb-icon-plus\" aria-hidden=\"true\"><\/i><\/span><span class=\"fusion-toggle-heading\">Hvordan kan jeg endre mine personlige data?<\/span><\/a><\/h4><\/div><div id=\"f139a489bc10fb111\" class=\"panel-collapse collapse\" araia-labelledby=\"toggle_f139a489bc10fb111\"><div class=\"panel-body toggle-content fusion-clearfix\">\n<p>Vi kan kun endre fornavn og\/eller etternavn dersom det er gjort en \u00e5penbar feil ved utfylling av disse opplysningene (f.eks. Adrew i stedet for Andrew). For \u00e5 gj\u00f8re dette, vennligst kontakt oss via e-post eller Live Chat.<\/p>\n<\/div><\/div><\/div><\/div><\/div><div class=\"fusion-text fusion-text-1 fusion-text-no-margin\" style=\"--awb-margin-bottom:0px;\"><h3 style=\"margin-bottom: 5px;\">INNSKUDD OG UTTAK<\/h3>\n<\/div><div class=\"accordian fusion-accordian\" style=\"--awb-padding-top:10px;--awb-padding-right:10px;--awb-padding-bottom:10px;--awb-padding-left:10px;--awb-border-size:1px;--awb-icon-size:13px;--awb-content-font-size:15px;--awb-icon-alignment:left;--awb-hover-color:hsla(var(--awb-color8-h),var(--awb-color8-s),calc( var(--awb-color8-l) + 98% ),var(--awb-color8-a));--awb-border-color:hsla(var(--awb-color8-h),var(--awb-color8-s),calc( var(--awb-color8-l) + 80% ),var(--awb-color8-a));--awb-background-color:var(--awb-color1);--awb-divider-color:var(--awb-color6);--awb-divider-hover-color:var(--awb-color6);--awb-icon-color:var(--awb-color1);--awb-title-color:var(--awb-color1);--awb-content-color:var(--awb-color1);--awb-icon-box-color:#000000;--awb-toggle-hover-accent-color:var(--awb-color4);--awb-title-font-family:&quot;Montserrat&quot;;--awb-title-font-weight:700;--awb-title-font-style:normal;--awb-content-font-family:&quot;Open Sans&quot;;--awb-content-font-style:normal;--awb-content-font-weight:400;\"><div class=\"panel-group fusion-toggle-icon-boxed\" id=\"accordion-22162-2\"><div class=\"fusion-panel panel-default faq-accordion panel-a019226fc84e56597 fusion-toggle-no-divider\" style=\"--awb-title-color:var(--awb-color1);\"><div class=\"panel-heading\"><h4 class=\"panel-title toggle\" id=\"toggle_a019226fc84e56597\"><a aria-expanded=\"false\" aria-controls=\"a019226fc84e56597\" role=\"button\" data-toggle=\"collapse\" data-target=\"#a019226fc84e56597\" href=\"#a019226fc84e56597\"><span class=\"fusion-toggle-icon-wrapper\" aria-hidden=\"true\"><i class=\"fa-fusion-box active-icon awb-icon-minus\" aria-hidden=\"true\"><\/i><i class=\"fa-fusion-box inactive-icon awb-icon-plus\" aria-hidden=\"true\"><\/i><\/span><span class=\"fusion-toggle-heading\">Hvordan sette inn penger?<\/span><\/a><\/h4><\/div><div id=\"a019226fc84e56597\" class=\"panel-collapse collapse\" araia-labelledby=\"toggle_a019226fc84e56597\"><div class=\"panel-body toggle-content fusion-clearfix\">\n<p>Klikk p\u00e5 Innskudd-knappen som du finner \u00f8verst til h\u00f8yre p\u00e5 hovedsiden. Du vil da se en liste over betalingsmetodene som aksepteres p\u00e5 spinolo.com.<\/p>\n<p>Velg en metode for innskudd: Visa og Mastercard, kontantinnskudd eller bankoverf\u00f8ring.<\/p>\n<p>Fyll inn opplysningene dine og begynn \u00e5 nyte opplevelsen hos spinoloco.com.<\/p>\n<p>Hvis du \u00f8nsker \u00e5 sette inn penger med Visa eller Mastercard, velg bel\u00f8pet du \u00f8nsker \u00e5 sette inn og klikk ganske enkelt p\u00e5 Visa\/Mastercard-knappen, fyll inn detaljene dine og du er klar til \u00e5 spille.<\/p>\n<p>Hvis du trenger hjelp eller mer informasjon om noen av v\u00e5re betalingsmetoder, vennligst kontakt oss p\u00e5\u00a0<a href=\"mailto:support@gustacasino.com\">support@casino.com<\/a>\u00a0eller via live chat.<\/p>\n<\/div><\/div><\/div><div class=\"fusion-panel panel-default faq-accordion panel-0e51c6a47c8a4f105 fusion-toggle-no-divider\" style=\"--awb-title-color:var(--awb-color1);\"><div class=\"panel-heading\"><h4 class=\"panel-title toggle\" id=\"toggle_0e51c6a47c8a4f105\"><a aria-expanded=\"false\" aria-controls=\"0e51c6a47c8a4f105\" role=\"button\" data-toggle=\"collapse\" data-target=\"#0e51c6a47c8a4f105\" href=\"#0e51c6a47c8a4f105\"><span class=\"fusion-toggle-icon-wrapper\" aria-hidden=\"true\"><i class=\"fa-fusion-box active-icon awb-icon-minus\" aria-hidden=\"true\"><\/i><i class=\"fa-fusion-box inactive-icon awb-icon-plus\" aria-hidden=\"true\"><\/i><\/span><span class=\"fusion-toggle-heading\">Hva er minimums- og maksimumsbel\u00f8pet for innskudd?<\/span><\/a><\/h4><\/div><div id=\"0e51c6a47c8a4f105\" class=\"panel-collapse collapse\" araia-labelledby=\"toggle_0e51c6a47c8a4f105\"><div class=\"panel-body toggle-content fusion-clearfix\">\n<p>Minimums- og maksimumsbel\u00f8pene varierer avhengig av betalingsmetoden og kan endres fra tid til annen. De gjeldende bel\u00f8pene finner du under Innskudd \u00f8verst til h\u00f8yre p\u00e5 nettsiden.<\/p>\n<\/div><\/div><\/div><\/div><\/div><\/div><\/div><\/div><\/div>","protected":false},"excerpt":{"rendered":"","protected":false},"author":4,"featured_media":0,"parent":0,"menu_order":0,"comment_status":"closed","ping_status":"closed","template":"","meta":{"_acf_changed":false,"footnotes":""},"class_list":["post-22162","page","type-page","status-publish","hentry"],"acf":[],"_links":{"self":[{"href":"https:\/\/casino1.myrwds.net\/tr\/wp-json\/wp\/v2\/pages\/22162","targetHints":{"allow":["GET"]}}],"collection":[{"href":"https:\/\/casino1.myrwds.net\/tr\/wp-json\/wp\/v2\/pages"}],"about":[{"href":"https:\/\/casino1.myrwds.net\/tr\/wp-json\/wp\/v2\/types\/page"}],"author":[{"embeddable":true,"href":"https:\/\/casino1.myrwds.net\/tr\/wp-json\/wp\/v2\/users\/4"}],"replies":[{"embeddable":true,"href":"https:\/\/casino1.myrwds.net\/tr\/wp-json\/wp\/v2\/comments?post=22162"}],"version-history":[{"count":14,"href":"https:\/\/casino1.myrwds.net\/tr\/wp-json\/wp\/v2\/pages\/22162\/revisions"}],"predecessor-version":[{"id":22189,"href":"https:\/\/casino1.myrwds.net\/tr\/wp-json\/wp\/v2\/pages\/22162\/revisions\/22189"}],"wp:attachment":[{"href":"https:\/\/casino1.myrwds.net\/tr\/wp-json\/wp\/v2\/media?parent=22162"}],"curies":[{"name":"wp","href":"https:\/\/api.w.org\/{rel}","templated":true}]}}